{"id":16,"date":"2014-07-24T14:06:38","date_gmt":"2014-07-24T12:06:38","guid":{"rendered":"http:\/\/www.hugostern.cz\/?page_id=16"},"modified":"2015-05-19T11:00:11","modified_gmt":"2015-05-19T09:00:11","slug":"kontakty","status":"publish","type":"page","link":"https:\/\/www.hugostern.cz\/?page_id=16","title":{"rendered":"Kontakty"},"content":{"rendered":"<p><strong>Hugo Stern a.s.<\/strong><\/p>\n<p>S\u00eddlo: Maiselova 4\/25, 110 00 \u00a0Praha 1<\/p>\n<p>telefon:+420 224 812 976<\/p>\n<p>e-mail: info@hugostern.cz<\/p>\n<p>ID datov\u00e9 schr\u00e1nky: ui8qev3<\/p>\n<p>I\u010c: <span class=\"nowrap\">61058149<\/span><\/p>\n<p>Spole\u010dnost zaps\u00e1na do obchodn\u00edho rejst\u0159\u00edku &#8211; spisov\u00e1 zna\u010dka\u00a0B 3890 veden\u00e9ho u M\u011bstsk\u00e9ho soudu v Praze.<\/p>\n<p><a href=\"https:\/\/or.justice.cz\/ias\/ui\/pdf-$vypis.pdf?subjektId=isor%3a216346&amp;typ=actual&amp;klic=35dge6\" target=\"_blank\">Aktu\u00e1ln\u00ed verze v\u00fdpisu z obchodn\u00edho zejst\u0159\u00edku<\/a><\/p>\n\n","protected":false},"excerpt":{"rendered":"<p>Hugo Stern a.s. S\u00eddlo: Maiselova 4\/25, 110 00 \u00a0Praha 1 telefon:+420 224 812 976 e-mail: info@hugostern.cz ID datov\u00e9 schr\u00e1nky: ui8qev3 I\u010c: 61058149 Spole\u010dnost zaps\u00e1na do obchodn\u00edho rejst\u0159\u00edku &#8211; spisov\u00e1 zna\u010dka\u00a0B 3890 veden\u00e9ho u M\u011bstsk\u00e9ho soudu v Praze. Aktu\u00e1ln\u00ed verze v\u00fdpisu &hellip; <a href=\"https:\/\/www.hugostern.cz\/?page_id=16\">Cel\u00fd p\u0159\u00edsp\u011bvek <span class=\"meta-nav\">&rarr;<\/span><\/a><\/p>\n","protected":false},"author":1,"featured_media":0,"parent":0,"menu_order":0,"comment_status":"closed","ping_status":"closed","template":"","meta":[],"aioseo_notices":[],"_links":{"self":[{"href":"https:\/\/www.hugostern.cz\/index.php?rest_route=\/wp\/v2\/pages\/16"}],"collection":[{"href":"https:\/\/www.hugostern.cz\/index.php?rest_route=\/wp\/v2\/pages"}],"about":[{"href":"https:\/\/www.hugostern.cz\/index.php?rest_route=\/wp\/v2\/types\/page"}],"author":[{"embeddable":true,"href":"https:\/\/www.hugostern.cz\/index.php?rest_route=\/wp\/v2\/users\/1"}],"replies":[{"embeddable":true,"href":"https:\/\/www.hugostern.cz\/index.php?rest_route=%2Fwp%2Fv2%2Fcomments&post=16"}],"version-history":[{"count":11,"href":"https:\/\/www.hugostern.cz\/index.php?rest_route=\/wp\/v2\/pages\/16\/revisions"}],"predecessor-version":[{"id":63,"href":"https:\/\/www.hugostern.cz\/index.php?rest_route=\/wp\/v2\/pages\/16\/revisions\/63"}],"wp:attachment":[{"href":"https:\/\/www.hugostern.cz\/index.php?rest_route=%2Fwp%2Fv2%2Fmedia&parent=16"}],"curies":[{"name":"wp","href":"https:\/\/api.w.org\/{rel}","templated":true}]}}