{"id":12,"date":"2014-07-24T14:05:46","date_gmt":"2014-07-24T12:05:46","guid":{"rendered":"http:\/\/www.hugostern.cz\/?page_id=12"},"modified":"2014-09-29T08:32:37","modified_gmt":"2014-09-29T06:32:37","slug":"sluzby","status":"publish","type":"page","link":"https:\/\/www.hugostern.cz\/?page_id=12","title":{"rendered":"Slu\u017eby"},"content":{"rendered":"<p>Na\u0161e spole\u010dnost poskytuje slu\u017eby v oblasti pron\u00e1jm\u016f nemovitost\u00ed, byt\u016f a nebytov\u00fdch prostor.<\/p>\n<p>&nbsp;<\/p>\n","protected":false},"excerpt":{"rendered":"<p>Na\u0161e spole\u010dnost poskytuje slu\u017eby v oblasti pron\u00e1jm\u016f nemovitost\u00ed, byt\u016f a nebytov\u00fdch prostor. &nbsp;<\/p>\n","protected":false},"author":1,"featured_media":0,"parent":0,"menu_order":0,"comment_status":"closed","ping_status":"closed","template":"","meta":[],"aioseo_notices":[],"_links":{"self":[{"href":"https:\/\/www.hugostern.cz\/index.php?rest_route=\/wp\/v2\/pages\/12"}],"collection":[{"href":"https:\/\/www.hugostern.cz\/index.php?rest_route=\/wp\/v2\/pages"}],"about":[{"href":"https:\/\/www.hugostern.cz\/index.php?rest_route=\/wp\/v2\/types\/page"}],"author":[{"embeddable":true,"href":"https:\/\/www.hugostern.cz\/index.php?rest_route=\/wp\/v2\/users\/1"}],"replies":[{"embeddable":true,"href":"https:\/\/www.hugostern.cz\/index.php?rest_route=%2Fwp%2Fv2%2Fcomments&post=12"}],"version-history":[{"count":3,"href":"https:\/\/www.hugostern.cz\/index.php?rest_route=\/wp\/v2\/pages\/12\/revisions"}],"predecessor-version":[{"id":54,"href":"https:\/\/www.hugostern.cz\/index.php?rest_route=\/wp\/v2\/pages\/12\/revisions\/54"}],"wp:attachment":[{"href":"https:\/\/www.hugostern.cz\/index.php?rest_route=%2Fwp%2Fv2%2Fmedia&parent=12"}],"curies":[{"name":"wp","href":"https:\/\/api.w.org\/{rel}","templated":true}]}}